{"id":10408,"date":"2025-03-19T15:49:56","date_gmt":"2025-03-19T20:49:56","guid":{"rendered":"https:\/\/v2.artiris.com\/?page_id=10408"},"modified":"2025-06-26T15:18:32","modified_gmt":"2025-06-26T20:18:32","slug":"photographie-iris-pour-animaux","status":"publish","type":"page","link":"https:\/\/v2.artiris.com\/en\/iris-photography-for-animals-2\/","title":{"rendered":"Iris photography for animals"},"content":{"rendered":"<div data-elementor-type=\"wp-page\" data-elementor-id=\"10408\" class=\"elementor elementor-10408\" data-elementor-post-type=\"page\">\n\t\t\t\t\t\t<section data-uael-partstyle=\"nasa\" data-uael-partcolor=\"\" data-uael-partopacity=\"\" data-uael-partdirection=\"bottom\" class=\"elementor-section elementor-top-section elementor-element elementor-element-da82993 elementor-hidden-tablet elementor-hidden-mobile uael-particle-yes elementor-section-boxed elementor-section-height-default elementor-section-height-default uael-particle-adv-no\" data-id=\"da82993\" data-element_type=\"section\" data-e-type=\"section\" data-settings=\"{&quot;background_background&quot;:&quot;classic&quot;}\">\n\t\t\t\t\t\t\t<div class=\"elementor-background-overlay\"><\/div>\n\t\t\t\t\t\t\t<div class=\"elementor-container elementor-column-gap-default\">\n\t\t\t\t\t<div class=\"elementor-column elementor-col-100 elementor-top-column elementor-element elementor-element-7e9e697\" data-id=\"7e9e697\" data-element_type=\"column\" data-e-type=\"column\">\n\t\t\t<div class=\"elementor-widget-wrap elementor-element-populated\">\n\t\t\t\t\t\t<div class=\"elementor-element elementor-element-7ab1dee elementor-widget elementor-widget-heading\" data-id=\"7ab1dee\" data-element_type=\"widget\" data-e-type=\"widget\" data-widget_type=\"heading.default\">\n\t\t\t\t<div class=\"elementor-widget-container\">\n\t\t\t\t\t<h1 class=\"elementor-heading-title elementor-size-default\">IRIS PHOTOGRAPH OF YOU<br>\nAND YOUR PETS<\/h1>\t\t\t\t<\/div>\n\t\t\t\t<\/div>\n\t\t\t\t\t<\/div>\n\t\t<\/div>\n\t\t\t\t\t<\/div>\n\t\t<\/section>\n\t\t\t\t<section class=\"elementor-section elementor-top-section elementor-element elementor-element-0870d6d elementor-section-boxed elementor-section-height-default elementor-section-height-default\" data-id=\"0870d6d\" data-element_type=\"section\" data-e-type=\"section\">\n\t\t\t\t\t\t<div class=\"elementor-container elementor-column-gap-default\">\n\t\t\t\t\t<div class=\"elementor-column elementor-col-66 elementor-top-column elementor-element elementor-element-1e3812e\" data-id=\"1e3812e\" data-element_type=\"column\" data-e-type=\"column\">\n\t\t\t<div class=\"elementor-widget-wrap elementor-element-populated\">\n\t\t\t\t\t\t<div class=\"elementor-element elementor-element-c703917 elementor-widget elementor-widget-image\" data-id=\"c703917\" data-element_type=\"widget\" data-e-type=\"widget\" data-widget_type=\"image.default\">\n\t\t\t\t<div class=\"elementor-widget-container\">\n\t\t\t\t\t\t\t\t\t\t\t\t\t\t\t<img fetchpriority=\"high\" decoding=\"async\" width=\"500\" height=\"500\" src=\"https:\/\/v2.artiris.com\/wp-content\/uploads\/sites\/8\/2025\/04\/animaux-iris-photo-500x500px.jpg\" class=\"attachment-large size-large wp-image-10488\" alt=\"animals iris photo 500x500px\" srcset=\"https:\/\/v2.artiris.com\/wp-content\/uploads\/sites\/8\/2025\/04\/animaux-iris-photo-500x500px.jpg 500w, https:\/\/v2.artiris.com\/wp-content\/uploads\/sites\/8\/2025\/04\/animaux-iris-photo-500x500px-300x300.jpg 300w, https:\/\/v2.artiris.com\/wp-content\/uploads\/sites\/8\/2025\/04\/animaux-iris-photo-500x500px-150x150.jpg 150w, https:\/\/v2.artiris.com\/wp-content\/uploads\/sites\/8\/2025\/04\/animaux-iris-photo-500x500px-12x12.jpg 12w, https:\/\/v2.artiris.com\/wp-content\/uploads\/sites\/8\/2025\/04\/animaux-iris-photo-500x500px-100x100.jpg 100w\" sizes=\"(max-width: 500px) 100vw, 500px\" \/>\t\t\t\t\t\t\t\t\t\t\t\t\t\t\t<\/div>\n\t\t\t\t<\/div>\n\t\t\t\t\t<\/div>\n\t\t<\/div>\n\t\t\t\t<div class=\"elementor-column elementor-col-33 elementor-top-column elementor-element elementor-element-62a79d9\" data-id=\"62a79d9\" data-element_type=\"column\" data-e-type=\"column\">\n\t\t\t<div class=\"elementor-widget-wrap elementor-element-populated\">\n\t\t\t\t\t\t<div class=\"elementor-element elementor-element-beb13ac elementor-widget elementor-widget-text-editor\" data-id=\"beb13ac\" data-element_type=\"widget\" data-e-type=\"widget\" data-widget_type=\"text-editor.default\">\n\t\t\t\t<div class=\"elementor-widget-container\">\n\t\t\t\t\t\t\t\t\t<p>Our animal friends also have the right to an iris photograph<\/p>\t\t\t\t\t\t\t\t<\/div>\n\t\t\t\t<\/div>\n\t\t\t\t<div class=\"elementor-element elementor-element-0ffcc37 elementor-align-center elementor-widget elementor-widget-button\" data-id=\"0ffcc37\" data-element_type=\"widget\" data-e-type=\"widget\" data-widget_type=\"button.default\">\n\t\t\t\t<div class=\"elementor-widget-container\">\n\t\t\t\t\t\t\t\t\t<div class=\"elementor-button-wrapper\">\n\t\t\t\t\t<a class=\"elementor-button elementor-button-link elementor-size-sm\" href=\"https:\/\/artiris.com\/montreal\">\n\t\t\t\t\t\t<span class=\"elementor-button-content-wrapper\">\n\t\t\t\t\t\t\t\t\t<span class=\"elementor-button-text\">Make an appointment here<\/span>\n\t\t\t\t\t<\/span>\n\t\t\t\t\t<\/a>\n\t\t\t\t<\/div>\n\t\t\t\t\t\t\t\t<\/div>\n\t\t\t\t<\/div>\n\t\t\t\t\t<\/div>\n\t\t<\/div>\n\t\t\t\t\t<\/div>\n\t\t<\/section>\n\t\t\t\t<\/div>","protected":false},"excerpt":{"rendered":"<p>IRIS PHOTOGRAPHY OF YOU AND YOUR ANIMALS Our animal friends also have the right to an iris photograph Make an appointment here<\/p>","protected":false},"author":3,"featured_media":0,"parent":0,"menu_order":0,"comment_status":"closed","ping_status":"closed","template":"","meta":{"_seopress_robots_primary_cat":"","_seopress_titles_title":"Photographie iris pour animaux \u00e0 Montr\u00e9al - Cr\u00e9ez-vous une oeuvre unique avec vos animaux","_seopress_titles_desc":"","_seopress_robots_index":"","_uag_custom_page_level_css":"","site-sidebar-layout":"no-sidebar","site-content-layout":"page-builder","ast-site-content-layout":"full-width-container","site-content-style":"default","site-sidebar-style":"default","ast-global-header-display":"","ast-banner-title-visibility":"","ast-main-header-display":"","ast-hfb-above-header-display":"","ast-hfb-below-header-display":"","ast-hfb-mobile-header-display":"","site-post-title":"disabled","ast-breadcrumbs-content":"","ast-featured-img":"disabled","footer-sml-layout":"","ast-disable-related-posts":"","theme-transparent-header-meta":"","adv-header-id-meta":"","stick-header-meta":"","header-above-stick-meta":"","header-main-stick-meta":"","header-below-stick-meta":"","astra-migrate-meta-layouts":"set","ast-page-background-enabled":"default","ast-page-background-meta":{"desktop":{"background-color":"","background-image":"","background-repeat":"repeat","background-position":"center center","background-size":"auto","background-attachment":"scroll","background-type":"","background-media":"","overlay-type":"","overlay-color":"","overlay-opacity":"","overlay-gradient":""},"tablet":{"background-color":"","background-image":"","background-repeat":"repeat","background-position":"center center","background-size":"auto","background-attachment":"scroll","background-type":"","background-media":"","overlay-type":"","overlay-color":"","overlay-opacity":"","overlay-gradient":""},"mobile":{"background-color":"","background-image":"","background-repeat":"repeat","background-position":"center center","background-size":"auto","background-attachment":"scroll","background-type":"","background-media":"","overlay-type":"","overlay-color":"","overlay-opacity":"","overlay-gradient":""}},"ast-content-background-meta":{"desktop":{"background-color":"var(--ast-global-color-5)","background-image":"","background-repeat":"repeat","background-position":"center center","background-size":"auto","background-attachment":"scroll","background-type":"","background-media":"","overlay-type":"","overlay-color":"","overlay-opacity":"","overlay-gradient":""},"tablet":{"background-color":"var(--ast-global-color-5)","background-image":"","background-repeat":"repeat","background-position":"center center","background-size":"auto","background-attachment":"scroll","background-type":"","background-media":"","overlay-type":"","overlay-color":"","overlay-opacity":"","overlay-gradient":""},"mobile":{"background-color":"var(--ast-global-color-5)","background-image":"","background-repeat":"repeat","background-position":"center center","background-size":"auto","background-attachment":"scroll","background-type":"","background-media":"","overlay-type":"","overlay-color":"","overlay-opacity":"","overlay-gradient":""}},"footnotes":""},"class_list":["post-10408","page","type-page","status-publish","hentry"],"uagb_featured_image_src":{"full":false,"thumbnail":false,"medium":false,"medium_large":false,"large":false,"1536x1536":false,"2048x2048":false,"trp-custom-language-flag":false,"gform-image-choice-sm":false,"gform-image-choice-md":false,"gform-image-choice-lg":false,"woocommerce_thumbnail":false,"woocommerce_single":false,"woocommerce_gallery_thumbnail":false},"uagb_author_info":{"display_name":"iris","author_link":"https:\/\/v2.artiris.com\/en\/blog\/author\/adrien\/"},"uagb_comment_info":0,"uagb_excerpt":"PHOTOGRAPHIE D&rsquo;IRIS DE VOUS ET DE VOS ANIMAUX Nos amis les b\u00eates ont aussi le droit \u00e0 leur photographie d&rsquo;iris Prenez rendez-vous ici","_links":{"self":[{"href":"https:\/\/v2.artiris.com\/en\/wp-json\/wp\/v2\/pages\/10408","targetHints":{"allow":["GET"]}}],"collection":[{"href":"https:\/\/v2.artiris.com\/en\/wp-json\/wp\/v2\/pages"}],"about":[{"href":"https:\/\/v2.artiris.com\/en\/wp-json\/wp\/v2\/types\/page"}],"author":[{"embeddable":true,"href":"https:\/\/v2.artiris.com\/en\/wp-json\/wp\/v2\/users\/3"}],"replies":[{"embeddable":true,"href":"https:\/\/v2.artiris.com\/en\/wp-json\/wp\/v2\/comments?post=10408"}],"version-history":[{"count":91,"href":"https:\/\/v2.artiris.com\/en\/wp-json\/wp\/v2\/pages\/10408\/revisions"}],"predecessor-version":[{"id":11015,"href":"https:\/\/v2.artiris.com\/en\/wp-json\/wp\/v2\/pages\/10408\/revisions\/11015"}],"wp:attachment":[{"href":"https:\/\/v2.artiris.com\/en\/wp-json\/wp\/v2\/media?parent=10408"}],"curies":[{"name":"wp","href":"https:\/\/api.w.org\/{rel}","templated":true}]}}